{"id":5920,"date":"2018-01-23T12:46:16","date_gmt":"2018-01-23T11:46:16","guid":{"rendered":"https:\/\/www.wespeakiot.com\/?page_id=5920"},"modified":"2026-04-10T18:29:23","modified_gmt":"2026-04-10T16:29:23","slug":"ueber-uns","status":"publish","type":"page","link":"https:\/\/www.wespeakiot.com\/de\/ueber-uns\/","title":{"rendered":"\u00dcber WeSpeakIoT"},"content":{"rendered":"<p>&nbsp;<\/p>\n<div id=\"attachment_11863\" style=\"width: 210px\" class=\"wp-caption alignright\"><img loading=\"lazy\" decoding=\"async\" aria-describedby=\"caption-attachment-11863\" class=\"wp-image-11863 size-medium\" src=\"https:\/\/www.wespeakiot.com\/wp-content\/uploads\/2025\/06\/dennis-knake-200x300.jpg\" alt=\"\" width=\"200\" height=\"300\" \/><p id=\"caption-attachment-11863\" class=\"wp-caption-text\">Dennis Knake steht hinter WeSpeakIoT<\/p><\/div>\n<p><strong>Vom Smart Home zur smarten Welt \u2013 der Weg von WeSpeakIoT<\/strong><\/p>\n<p>Alles fing mit einem Kommunikationsprotokoll an. Oder besser gesagt: mit der Idee, dass unser Zuhause schlauer sein k\u00f6nnte als wir selbst. Damals, als ich das Blog WeSpeakIoT mit aufgebaut habe, war das Thema \u201eSmart Home\u201c noch neu, spannend \u2013 und voller Versprechen. Ich arbeitete f\u00fcr die Lemonbeat GmbH, ein IoT-Unternehmen aus Dortmund, das aus der Smart-Home-Sparte von RWE hervorging. Das Ziel: Geb\u00e4udeautomation neu denken.<\/p>\n<p><strong>Aber Technik bleibt nicht stehen. Und mein Interesse auch nicht.<\/strong><\/p>\n<p>Heute ist WeSpeakIoT mein ganz pers\u00f6nliches Projekt. Ich bin Dennis Knake, seit \u00fcber zwei Jahrzehnten in der IT- und Telekommunikationswelt unterwegs \u2013 als Redakteur, Pressesprecher und jemand, der technologische Entwicklungen mit einem gesunden Ma\u00df an Neugier und Skepsis begleitet.<\/p>\n<p>Mit WeSpeakIoT schaue ich mir nun an, wie \u201esmart\u201c unser Alltag wirklich geworden ist \u2013 von smarter Infrastruktur \u00fcber digitale Tools bis hin zu KI und ethischen Fragen. Ich teste, analysiere, kommentiere. Und frage mich immer wieder: Was hilft wirklich? Was ist Spielerei? Und wo sollten wir vielleicht mal auf die Bremse treten?<\/p>\n<p><strong>Weil smarte Technik mehr sein sollte als nur ein schickes Feature.<\/strong><\/p>\n<p><em>Leserhinweis: Viele Beitr\u00e4ge sind sowohl auf Englisch als auch Deutsch verf\u00fcgbar. Aber nicht alle. Sollte es eine \u00dcbersetzung geben, kannst Du \u00fcber die Spracheinstellungen oben wechseln. Ist das nicht m\u00f6glich, gibt es keine \u00dcbersetzung.<\/em><\/p>\n<p><strong>WeSpeakIot ist kostenlos aber nicht umsonst<\/strong><\/p>\n<p>Das Angebot von <strong>WeSpeakIoT<\/strong> ist f\u00fcr jeden kostenlos nutzbar. Auch der Newsletter. Dennoch verursachen der Betrieb und die Wartung des Blogs und der Server regelm\u00e4\u00dfig Kosten. Wenn Du das Projekt unterst\u00fctzen m\u00f6chtest, freue ich mich \u00fcber eine <a href=\"https:\/\/www.paypal.com\/paypalme\/DonDennis\" target=\"_blank\" rel=\"noopener\"><strong>kleine Spende via PayPal<\/strong><\/a> oder <strong><a href=\"http:\/\/buymeacoffee.com\/dennisknake\" target=\"_blank\" rel=\"noopener\">BuyMeACoffe<\/a><\/strong>. Vielen lieben Dank!<\/p>\n<p>In diesem Sinne, viel Spa\u00df mit dem Angebot!<\/p>\n<p><a href=\"https:\/\/www.wespeakiot.com\/author\/dknake\/\">Dennis Knake<\/a>, WeSpeakIoT<\/p>\n<h2>Autorenliste<\/h2>\n<p>Viele Menschen haben seit dem Start von WeSpeakIoT 2016 wertvolle Beitr\u00e4ge zu diesem Projekt geleistet. Sie alle sind hier aufgef\u00fchrt und auch ihre Beitr\u00e4ge sollen erhalten bleiben. Die genannten Positionen sind heute nicht mehr zwingend aktuell, ich update diese auf Hinweis jedoch gerne!<\/p>\n<p><b>Autorenliste<br \/>\n<\/b><\/p>\n<p><a href=\"https:\/\/www.wespeakiot.com\/de\/author\/droebers\/\" target=\"_blank\" rel=\"noopener\">Dirk Roebers<\/a>, PR- und Kommunikationsberater im Tech-Bereich.<br \/>\n<a href=\"https:\/\/www.wespeakiot.com\/author\/jmcgee\/\">Julius McGee<\/a> Gr\u00fcnder von NerdAlert and Jortty<br \/>\n<a href=\"https:\/\/www.wespeakiot.com\/author\/bhoffmann\/\">Beate Hoffmann<\/a> Technical Writer, Lemonbeat GmbH<br \/>\n<a href=\"https:\/\/www.wespeakiot.com\/author\/ukuehnel\/\">Uwe K\u00fchnel<\/a> Head of Business Development, Lemonbeat GmbH<br \/>\n<a href=\"https:\/\/www.wespeakiot.com\/author\/ovandermond\">Oliver van der Mond<\/a> CEO, Lemonbeat GmbH<br \/>\n<a href=\"https:\/\/www.wespeakiot.com\/author\/gvogel\">Guido Vogel<\/a> Head of Sales, Lemonbeat GmbH<br \/>\n<a href=\"https:\/\/www.wespeakiot.com\/author\/ebarrett\/\">Edmund<\/a><a href=\"https:\/\/www.wespeakiot.com\/author\/ebarrett\/\"> Barrett<\/a>\u00a0 Technology Partner, Livisi GmbH<br \/>\n<a href=\"https:\/\/www.wespeakiot.com\/author\/obehr\/\">Oliver Behr<\/a> Consultant \/ Founder, Cassini Consulting \/ Leuze &amp; S\u00f6hne<br \/>\n<a href=\"https:\/\/www.wespeakiot.com\/author\/udavuluru\">Uday Davuluru<\/a> Manager IoT Center of Excellence (CoE), Henkel<br \/>\n<a href=\"https:\/\/www.wespeakiot.com\/author\/sdrees\/\">Stefan<\/a><a href=\"https:\/\/www.wespeakiot.com\/author\/sdrees\/\"> Drees<\/a> Director Global Sales, IXT<br \/>\n<a href=\"https:\/\/www.wespeakiot.com\/author\/sdufhues\/\">Stefan Dufhues<\/a> Management Consultant, Cassini Consulting<br \/>\n<a href=\"https:\/\/www.wespeakiot.com\/author\/fkopshoff\">Florian Kopshoff<\/a> Head of Marketing, CMO, Dogado Group<br \/>\n<a href=\"https:\/\/www.wespeakiot.com\/author\/bicli\">Bekir Icli<\/a> Software Engineering Manager, Accenture<br \/>\n<a href=\"https:\/\/www.wespeakiot.com\/author\/iklemm\">Ilja Klemm<\/a> Tech Evangelist \/ Community Manager<br \/>\n<a href=\"https:\/\/www.wespeakiot.com\/author\/oklimek\/\">Oliver Klimek<\/a> Segment Solution Management &#8211; Real Estate and Public Buildings, innogy SE<br \/>\n<a href=\"https:\/\/www.wespeakiot.com\/author\/drklausmanhart\/\">Dr. Klaus Manhart<\/a> IT and Science Specialist<br \/>\n<a href=\"https:\/\/www.wespeakiot.com\/author\/lmatten\/\">Lyn Matten<\/a> CTO, MM1 Technology<br \/>\n<a href=\"https:\/\/www.wespeakiot.com\/author\/bmildebrath\/\">Bernhard Mildebrath<\/a> Portfoliomanagement, Schleupen AG<br \/>\n<a href=\"https:\/\/www.wespeakiot.com\/author\/hnaumann\/\">Harald Naumann<\/a> IoT\/M2M Evangelist<br \/>\n<a href=\"https:\/\/www.wespeakiot.com\/author\/freusch\/\">Frank Reusch<\/a> Senior Program Manager, innogy SE<br \/>\n<a href=\"https:\/\/www.wespeakiot.com\/author\/mscholtyssek\/\">Marco Scholtyssek<\/a> Embedded Software Developer, Lemonbeat alumni<br \/>\n<a href=\"https:\/\/www.wespeakiot.com\/author\/awagner\">Andreas Wagner<\/a> IT-Security Specialist<\/p>\n","protected":false},"excerpt":{"rendered":"<p>&nbsp; Vom Smart Home zur smarten Welt \u2013 der Weg von WeSpeakIoT Alles fing mit einem Kommunikationsprotokoll an. Oder besser gesagt: mit der Idee, dass unser Zuhause schlauer sein k\u00f6nnte als wir selbst. Damals, als ich das Blog WeSpeakIoT mit [&hellip;]<\/p>\n","protected":false},"author":2,"featured_media":0,"parent":0,"menu_order":0,"comment_status":"closed","ping_status":"closed","template":"page_l.php","meta":{"footnotes":""},"class_list":["post-5920","page","type-page","status-publish","hentry"],"yoast_head":"<!-- This site is optimized with the Yoast SEO plugin v27.4 - https:\/\/yoast.com\/product\/yoast-seo-wordpress\/ -->\n<title>\u00dcber WeSpeakIoT - We speak IoT<\/title>\n<meta name=\"description\" content=\"Vom Smart Home zur smarten Welt \u2013 der Weg von WeSpeakIoT\" \/>\n<meta name=\"robots\" content=\"index, follow, max-snippet:-1, max-image-preview:large, max-video-preview:-1\" \/>\n<link rel=\"canonical\" href=\"https:\/\/www.wespeakiot.com\/de\/ueber-uns\/\" \/>\n<meta property=\"og:locale\" content=\"de_DE\" \/>\n<meta property=\"og:type\" content=\"article\" \/>\n<meta property=\"og:title\" content=\"\u00dcber WeSpeakIoT - We speak IoT\" \/>\n<meta property=\"og:description\" content=\"Vom Smart Home zur smarten Welt \u2013 der Weg von WeSpeakIoT\" \/>\n<meta property=\"og:url\" content=\"https:\/\/www.wespeakiot.com\/de\/ueber-uns\/\" \/>\n<meta property=\"og:site_name\" content=\"We speak IoT\" \/>\n<meta property=\"article:modified_time\" content=\"2026-04-10T16:29:23+00:00\" \/>\n<meta property=\"og:image\" content=\"https:\/\/www.wespeakiot.com\/wp-content\/uploads\/2025\/06\/dennis-knake.jpg\" \/>\n\t<meta property=\"og:image:width\" content=\"861\" \/>\n\t<meta property=\"og:image:height\" content=\"1292\" \/>\n\t<meta property=\"og:image:type\" content=\"image\/jpeg\" \/>\n<meta name=\"twitter:card\" content=\"summary_large_image\" \/>\n<meta name=\"twitter:description\" content=\"WeSpeakIoT ist das offizielle IoT Blog von Lemonbeat. Hier wollen wir Ihnen das Internet der Dinge n\u00e4her bringen. Mit Inhalten, die Ihnen helfen, Ihre eigenen Anwendungsf\u00e4lle zu identifizieren. Sie bei den richtigen Technologie-Entscheidungen unterst\u00fctzen und nicht zuletzt inspirieren, wie Sie am Gesch\u00e4ft teilhaben k\u00f6nnen. Mitwirkende sind das Team hinter Lemonbeat sowie ausgew\u00e4hlte Gastautoren.\" \/>\n<meta name=\"twitter:image\" content=\"https:\/\/www.wespeakiot.com\/wp-content\/uploads\/2018\/02\/lemonbeat-logo.jpg\" \/>\n<meta name=\"twitter:label1\" content=\"Gesch\u00e4tzte Lesezeit\" \/>\n\t<meta name=\"twitter:data1\" content=\"3\u00a0Minuten\" \/>\n<script type=\"application\/ld+json\" class=\"yoast-schema-graph\">{\"@context\":\"https:\\\/\\\/schema.org\",\"@graph\":[{\"@type\":[\"WebPage\",\"AboutPage\"],\"@id\":\"https:\\\/\\\/www.wespeakiot.com\\\/de\\\/ueber-uns\\\/\",\"url\":\"https:\\\/\\\/www.wespeakiot.com\\\/de\\\/ueber-uns\\\/\",\"name\":\"\u00dcber WeSpeakIoT - We speak IoT\",\"isPartOf\":{\"@id\":\"https:\\\/\\\/www.wespeakiot.com\\\/de\\\/#website\"},\"primaryImageOfPage\":{\"@id\":\"https:\\\/\\\/www.wespeakiot.com\\\/de\\\/ueber-uns\\\/#primaryimage\"},\"image\":{\"@id\":\"https:\\\/\\\/www.wespeakiot.com\\\/de\\\/ueber-uns\\\/#primaryimage\"},\"thumbnailUrl\":\"https:\\\/\\\/www.wespeakiot.com\\\/wp-content\\\/uploads\\\/2025\\\/06\\\/dennis-knake-200x300.jpg\",\"datePublished\":\"2018-01-23T11:46:16+00:00\",\"dateModified\":\"2026-04-10T16:29:23+00:00\",\"description\":\"Vom Smart Home zur smarten Welt \u2013 der Weg von WeSpeakIoT\",\"breadcrumb\":{\"@id\":\"https:\\\/\\\/www.wespeakiot.com\\\/de\\\/ueber-uns\\\/#breadcrumb\"},\"inLanguage\":\"de\",\"potentialAction\":[{\"@type\":\"ReadAction\",\"target\":[\"https:\\\/\\\/www.wespeakiot.com\\\/de\\\/ueber-uns\\\/\"]}]},{\"@type\":\"ImageObject\",\"inLanguage\":\"de\",\"@id\":\"https:\\\/\\\/www.wespeakiot.com\\\/de\\\/ueber-uns\\\/#primaryimage\",\"url\":\"https:\\\/\\\/www.wespeakiot.com\\\/wp-content\\\/uploads\\\/2025\\\/06\\\/dennis-knake-200x300.jpg\",\"contentUrl\":\"https:\\\/\\\/www.wespeakiot.com\\\/wp-content\\\/uploads\\\/2025\\\/06\\\/dennis-knake-200x300.jpg\"},{\"@type\":\"BreadcrumbList\",\"@id\":\"https:\\\/\\\/www.wespeakiot.com\\\/de\\\/ueber-uns\\\/#breadcrumb\",\"itemListElement\":[{\"@type\":\"ListItem\",\"position\":1,\"name\":\"Home\",\"item\":\"https:\\\/\\\/www.wespeakiot.com\\\/de\\\/\"},{\"@type\":\"ListItem\",\"position\":2,\"name\":\"\u00dcber WeSpeakIoT\"}]},{\"@type\":\"WebSite\",\"@id\":\"https:\\\/\\\/www.wespeakiot.com\\\/de\\\/#website\",\"url\":\"https:\\\/\\\/www.wespeakiot.com\\\/de\\\/\",\"name\":\"WeSpeakIoT\",\"description\":\"Inside the Internet of Things\",\"publisher\":{\"@id\":\"https:\\\/\\\/www.wespeakiot.com\\\/de\\\/#organization\"},\"potentialAction\":[{\"@type\":\"SearchAction\",\"target\":{\"@type\":\"EntryPoint\",\"urlTemplate\":\"https:\\\/\\\/www.wespeakiot.com\\\/de\\\/?s={search_term_string}\"},\"query-input\":{\"@type\":\"PropertyValueSpecification\",\"valueRequired\":true,\"valueName\":\"search_term_string\"}}],\"inLanguage\":\"de\"},{\"@type\":\"Organization\",\"@id\":\"https:\\\/\\\/www.wespeakiot.com\\\/de\\\/#organization\",\"name\":\"WeSpeakIoT - Inside the Internet of Things\",\"url\":\"https:\\\/\\\/www.wespeakiot.com\\\/de\\\/\",\"logo\":{\"@type\":\"ImageObject\",\"inLanguage\":\"de\",\"@id\":\"https:\\\/\\\/www.wespeakiot.com\\\/de\\\/#\\\/schema\\\/logo\\\/image\\\/\",\"url\":\"https:\\\/\\\/www.wespeakiot.com\\\/wp-content\\\/uploads\\\/2025\\\/08\\\/wespeakiot-logo-696x696-1.jpg\",\"contentUrl\":\"https:\\\/\\\/www.wespeakiot.com\\\/wp-content\\\/uploads\\\/2025\\\/08\\\/wespeakiot-logo-696x696-1.jpg\",\"width\":696,\"height\":696,\"caption\":\"WeSpeakIoT - Inside the Internet of Things\"},\"image\":{\"@id\":\"https:\\\/\\\/www.wespeakiot.com\\\/de\\\/#\\\/schema\\\/logo\\\/image\\\/\"}}]}<\/script>\n<!-- \/ Yoast SEO plugin. -->","yoast_head_json":{"title":"\u00dcber WeSpeakIoT - We speak IoT","description":"Vom Smart Home zur smarten Welt \u2013 der Weg von WeSpeakIoT","robots":{"index":"index","follow":"follow","max-snippet":"max-snippet:-1","max-image-preview":"max-image-preview:large","max-video-preview":"max-video-preview:-1"},"canonical":"https:\/\/www.wespeakiot.com\/de\/ueber-uns\/","og_locale":"de_DE","og_type":"article","og_title":"\u00dcber WeSpeakIoT - We speak IoT","og_description":"Vom Smart Home zur smarten Welt \u2013 der Weg von WeSpeakIoT","og_url":"https:\/\/www.wespeakiot.com\/de\/ueber-uns\/","og_site_name":"We speak IoT","article_modified_time":"2026-04-10T16:29:23+00:00","og_image":[{"width":861,"height":1292,"url":"https:\/\/www.wespeakiot.com\/wp-content\/uploads\/2025\/06\/dennis-knake.jpg","type":"image\/jpeg"}],"twitter_card":"summary_large_image","twitter_description":"WeSpeakIoT ist das offizielle IoT Blog von Lemonbeat. Hier wollen wir Ihnen das Internet der Dinge n\u00e4her bringen. Mit Inhalten, die Ihnen helfen, Ihre eigenen Anwendungsf\u00e4lle zu identifizieren. Sie bei den richtigen Technologie-Entscheidungen unterst\u00fctzen und nicht zuletzt inspirieren, wie Sie am Gesch\u00e4ft teilhaben k\u00f6nnen. Mitwirkende sind das Team hinter Lemonbeat sowie ausgew\u00e4hlte Gastautoren.","twitter_image":"https:\/\/www.wespeakiot.com\/wp-content\/uploads\/2018\/02\/lemonbeat-logo.jpg","twitter_misc":{"Gesch\u00e4tzte Lesezeit":"3\u00a0Minuten"},"schema":{"@context":"https:\/\/schema.org","@graph":[{"@type":["WebPage","AboutPage"],"@id":"https:\/\/www.wespeakiot.com\/de\/ueber-uns\/","url":"https:\/\/www.wespeakiot.com\/de\/ueber-uns\/","name":"\u00dcber WeSpeakIoT - We speak IoT","isPartOf":{"@id":"https:\/\/www.wespeakiot.com\/de\/#website"},"primaryImageOfPage":{"@id":"https:\/\/www.wespeakiot.com\/de\/ueber-uns\/#primaryimage"},"image":{"@id":"https:\/\/www.wespeakiot.com\/de\/ueber-uns\/#primaryimage"},"thumbnailUrl":"https:\/\/www.wespeakiot.com\/wp-content\/uploads\/2025\/06\/dennis-knake-200x300.jpg","datePublished":"2018-01-23T11:46:16+00:00","dateModified":"2026-04-10T16:29:23+00:00","description":"Vom Smart Home zur smarten Welt \u2013 der Weg von WeSpeakIoT","breadcrumb":{"@id":"https:\/\/www.wespeakiot.com\/de\/ueber-uns\/#breadcrumb"},"inLanguage":"de","potentialAction":[{"@type":"ReadAction","target":["https:\/\/www.wespeakiot.com\/de\/ueber-uns\/"]}]},{"@type":"ImageObject","inLanguage":"de","@id":"https:\/\/www.wespeakiot.com\/de\/ueber-uns\/#primaryimage","url":"https:\/\/www.wespeakiot.com\/wp-content\/uploads\/2025\/06\/dennis-knake-200x300.jpg","contentUrl":"https:\/\/www.wespeakiot.com\/wp-content\/uploads\/2025\/06\/dennis-knake-200x300.jpg"},{"@type":"BreadcrumbList","@id":"https:\/\/www.wespeakiot.com\/de\/ueber-uns\/#breadcrumb","itemListElement":[{"@type":"ListItem","position":1,"name":"Home","item":"https:\/\/www.wespeakiot.com\/de\/"},{"@type":"ListItem","position":2,"name":"\u00dcber WeSpeakIoT"}]},{"@type":"WebSite","@id":"https:\/\/www.wespeakiot.com\/de\/#website","url":"https:\/\/www.wespeakiot.com\/de\/","name":"WeSpeakIoT","description":"Inside the Internet of Things","publisher":{"@id":"https:\/\/www.wespeakiot.com\/de\/#organization"},"potentialAction":[{"@type":"SearchAction","target":{"@type":"EntryPoint","urlTemplate":"https:\/\/www.wespeakiot.com\/de\/?s={search_term_string}"},"query-input":{"@type":"PropertyValueSpecification","valueRequired":true,"valueName":"search_term_string"}}],"inLanguage":"de"},{"@type":"Organization","@id":"https:\/\/www.wespeakiot.com\/de\/#organization","name":"WeSpeakIoT - Inside the Internet of Things","url":"https:\/\/www.wespeakiot.com\/de\/","logo":{"@type":"ImageObject","inLanguage":"de","@id":"https:\/\/www.wespeakiot.com\/de\/#\/schema\/logo\/image\/","url":"https:\/\/www.wespeakiot.com\/wp-content\/uploads\/2025\/08\/wespeakiot-logo-696x696-1.jpg","contentUrl":"https:\/\/www.wespeakiot.com\/wp-content\/uploads\/2025\/08\/wespeakiot-logo-696x696-1.jpg","width":696,"height":696,"caption":"WeSpeakIoT - Inside the Internet of Things"},"image":{"@id":"https:\/\/www.wespeakiot.com\/de\/#\/schema\/logo\/image\/"}}]}},"wp-worthy-pixel":{"ignored":false,"public":null,"server":null,"url":null},"wp-worthy-type":"normal","_links":{"self":[{"href":"https:\/\/www.wespeakiot.com\/de\/wp-json\/wp\/v2\/pages\/5920","targetHints":{"allow":["GET"]}}],"collection":[{"href":"https:\/\/www.wespeakiot.com\/de\/wp-json\/wp\/v2\/pages"}],"about":[{"href":"https:\/\/www.wespeakiot.com\/de\/wp-json\/wp\/v2\/types\/page"}],"author":[{"embeddable":true,"href":"https:\/\/www.wespeakiot.com\/de\/wp-json\/wp\/v2\/users\/2"}],"replies":[{"embeddable":true,"href":"https:\/\/www.wespeakiot.com\/de\/wp-json\/wp\/v2\/comments?post=5920"}],"version-history":[{"count":4,"href":"https:\/\/www.wespeakiot.com\/de\/wp-json\/wp\/v2\/pages\/5920\/revisions"}],"predecessor-version":[{"id":14313,"href":"https:\/\/www.wespeakiot.com\/de\/wp-json\/wp\/v2\/pages\/5920\/revisions\/14313"}],"wp:attachment":[{"href":"https:\/\/www.wespeakiot.com\/de\/wp-json\/wp\/v2\/media?parent=5920"}],"curies":[{"name":"wp","href":"https:\/\/api.w.org\/{rel}","templated":true}]}}