{"id":5929,"date":"2018-01-23T12:51:15","date_gmt":"2018-01-23T11:51:15","guid":{"rendered":"https:\/\/www.wespeakiot.com\/?page_id=5929"},"modified":"2025-08-04T16:31:09","modified_gmt":"2025-08-04T14:31:09","slug":"impressum","status":"publish","type":"page","link":"https:\/\/www.wespeakiot.com\/de\/impressum\/","title":{"rendered":"Impressum"},"content":{"rendered":"<p>Mit WeSpeakIoT schaue ich mir an, wie \u201esmart\u201c unser Alltag wirklich geworden ist \u2013 von smarter Infrastruktur \u00fcber digitale Tools bis hin zu KI und ethischen Fragen. Ich teste, analysiere, kommentiere. Und frage mich immer wieder: Was hilft wirklich? Was ist Spielerei?<\/p>\n<p><a href=\"https:\/\/www.wespeakiot.com\/de\/ueber-uns\/\"><strong>Erfahre mehr \u00fcber WeSpeakIoT<\/strong><\/a><\/p>\n<p><img loading=\"lazy\" decoding=\"async\" class=\"alignleft size-full wp-image-11753\" src=\"https:\/\/www.wespeakiot.com\/wp-content\/uploads\/2025\/06\/adressfeld.jpg\" alt=\"\" width=\"400\" height=\"106\" \/><\/p>\n<p>&nbsp;<\/p>\n<p>&nbsp;<\/p>\n<p>&nbsp;<\/p>\n<p>&nbsp;<\/p>\n<p>E-Mail: <a href=\"&#109;&#x61;i&#x6c;&#x74;&#111;&#x3a;i&#x6e;&#x66;&#111;&#x40;w&#x65;&#x73;&#112;&#x65;a&#x6b;&#x69;&#111;&#x74;&#46;&#x63;&#x6f;&#109;\">info&#64;w&#101;&#115;&#112;&#101;&#97;&#107;&#105;&#x6f;&#x74;&#x2e;&#x63;&#x6f;&#x6d;<\/a><\/p>\n<p>Contributers sind herzlich willkommen!<\/p>\n<p><em>Leserhinweis: Viele Beitr\u00e4ge sind sowohl auf Englisch als auch Deutsch verf\u00fcgbar. Aber nicht alle. Sollte es eine \u00dcbersetzung geben, kannst Du \u00fcber die Spracheinstellungen oben wechseln. Ist das nicht m\u00f6glich, gibt es keine \u00dcbersetzung.<\/em><\/p>\n<p>&nbsp;<\/p>\n","protected":false},"excerpt":{"rendered":"<p>Mit WeSpeakIoT schaue ich mir an, wie \u201esmart\u201c unser Alltag wirklich geworden ist \u2013 von smarter Infrastruktur \u00fcber digitale Tools bis hin zu KI und ethischen Fragen. Ich teste, analysiere, kommentiere. Und frage mich immer wieder: Was hilft wirklich? Was [&hellip;]<\/p>\n","protected":false},"author":2,"featured_media":0,"parent":0,"menu_order":0,"comment_status":"closed","ping_status":"closed","template":"page_l.php","meta":{"footnotes":""},"class_list":["post-5929","page","type-page","status-publish","hentry"],"yoast_head":"<!-- This site is optimized with the Yoast SEO plugin v27.3 - https:\/\/yoast.com\/product\/yoast-seo-wordpress\/ -->\n<title>Impressum - We speak IoT<\/title>\n<meta name=\"robots\" content=\"noindex, follow\" \/>\n<meta property=\"og:locale\" content=\"de_DE\" \/>\n<meta property=\"og:type\" content=\"article\" \/>\n<meta property=\"og:title\" content=\"Impressum - We speak IoT\" \/>\n<meta property=\"og:description\" content=\"Mit WeSpeakIoT schaue ich mir an, wie \u201esmart\u201c unser Alltag wirklich geworden ist \u2013 von smarter Infrastruktur \u00fcber digitale Tools bis hin zu KI und ethischen Fragen. Ich teste, analysiere, kommentiere. Und frage mich immer wieder: Was hilft wirklich? Was [&hellip;]\" \/>\n<meta property=\"og:url\" content=\"https:\/\/www.wespeakiot.com\/de\/impressum\/\" \/>\n<meta property=\"og:site_name\" content=\"We speak IoT\" \/>\n<meta property=\"article:modified_time\" content=\"2025-08-04T14:31:09+00:00\" \/>\n<meta property=\"og:image\" content=\"https:\/\/www.wespeakiot.com\/wp-content\/uploads\/2025\/06\/adressfeld.jpg\" \/>\n\t<meta property=\"og:image:width\" content=\"400\" \/>\n\t<meta property=\"og:image:height\" content=\"106\" \/>\n\t<meta property=\"og:image:type\" content=\"image\/jpeg\" \/>\n<meta name=\"twitter:card\" content=\"summary_large_image\" \/>\n<meta name=\"twitter:description\" content=\"Impressum\" \/>\n<meta name=\"twitter:image\" content=\"https:\/\/www.wespeakiot.com\/wp-content\/uploads\/2018\/02\/lemonbeat-logo.jpg\" \/>\n<meta name=\"twitter:label1\" content=\"Gesch\u00e4tzte Lesezeit\" \/>\n\t<meta name=\"twitter:data1\" content=\"1\u00a0Minute\" \/>\n<script type=\"application\/ld+json\" class=\"yoast-schema-graph\">{\"@context\":\"https:\\\/\\\/schema.org\",\"@graph\":[{\"@type\":\"WebPage\",\"@id\":\"https:\\\/\\\/www.wespeakiot.com\\\/de\\\/impressum\\\/\",\"url\":\"https:\\\/\\\/www.wespeakiot.com\\\/de\\\/impressum\\\/\",\"name\":\"Impressum - We speak IoT\",\"isPartOf\":{\"@id\":\"https:\\\/\\\/www.wespeakiot.com\\\/de\\\/#website\"},\"primaryImageOfPage\":{\"@id\":\"https:\\\/\\\/www.wespeakiot.com\\\/de\\\/impressum\\\/#primaryimage\"},\"image\":{\"@id\":\"https:\\\/\\\/www.wespeakiot.com\\\/de\\\/impressum\\\/#primaryimage\"},\"thumbnailUrl\":\"https:\\\/\\\/www.wespeakiot.com\\\/wp-content\\\/uploads\\\/2025\\\/06\\\/adressfeld.jpg\",\"datePublished\":\"2018-01-23T11:51:15+00:00\",\"dateModified\":\"2025-08-04T14:31:09+00:00\",\"breadcrumb\":{\"@id\":\"https:\\\/\\\/www.wespeakiot.com\\\/de\\\/impressum\\\/#breadcrumb\"},\"inLanguage\":\"de\",\"potentialAction\":[{\"@type\":\"ReadAction\",\"target\":[\"https:\\\/\\\/www.wespeakiot.com\\\/de\\\/impressum\\\/\"]}]},{\"@type\":\"ImageObject\",\"inLanguage\":\"de\",\"@id\":\"https:\\\/\\\/www.wespeakiot.com\\\/de\\\/impressum\\\/#primaryimage\",\"url\":\"https:\\\/\\\/www.wespeakiot.com\\\/wp-content\\\/uploads\\\/2025\\\/06\\\/adressfeld.jpg\",\"contentUrl\":\"https:\\\/\\\/www.wespeakiot.com\\\/wp-content\\\/uploads\\\/2025\\\/06\\\/adressfeld.jpg\"},{\"@type\":\"BreadcrumbList\",\"@id\":\"https:\\\/\\\/www.wespeakiot.com\\\/de\\\/impressum\\\/#breadcrumb\",\"itemListElement\":[{\"@type\":\"ListItem\",\"position\":1,\"name\":\"Home\",\"item\":\"https:\\\/\\\/www.wespeakiot.com\\\/de\\\/\"},{\"@type\":\"ListItem\",\"position\":2,\"name\":\"Impressum\"}]},{\"@type\":\"WebSite\",\"@id\":\"https:\\\/\\\/www.wespeakiot.com\\\/de\\\/#website\",\"url\":\"https:\\\/\\\/www.wespeakiot.com\\\/de\\\/\",\"name\":\"WeSpeakIoT\",\"description\":\"Inside the Internet of Things\",\"publisher\":{\"@id\":\"https:\\\/\\\/www.wespeakiot.com\\\/de\\\/#organization\"},\"potentialAction\":[{\"@type\":\"SearchAction\",\"target\":{\"@type\":\"EntryPoint\",\"urlTemplate\":\"https:\\\/\\\/www.wespeakiot.com\\\/de\\\/?s={search_term_string}\"},\"query-input\":{\"@type\":\"PropertyValueSpecification\",\"valueRequired\":true,\"valueName\":\"search_term_string\"}}],\"inLanguage\":\"de\"},{\"@type\":\"Organization\",\"@id\":\"https:\\\/\\\/www.wespeakiot.com\\\/de\\\/#organization\",\"name\":\"WeSpeakIoT - Inside the Internet of Things\",\"url\":\"https:\\\/\\\/www.wespeakiot.com\\\/de\\\/\",\"logo\":{\"@type\":\"ImageObject\",\"inLanguage\":\"de\",\"@id\":\"https:\\\/\\\/www.wespeakiot.com\\\/de\\\/#\\\/schema\\\/logo\\\/image\\\/\",\"url\":\"https:\\\/\\\/www.wespeakiot.com\\\/wp-content\\\/uploads\\\/2025\\\/08\\\/wespeakiot-logo-696x696-1.jpg\",\"contentUrl\":\"https:\\\/\\\/www.wespeakiot.com\\\/wp-content\\\/uploads\\\/2025\\\/08\\\/wespeakiot-logo-696x696-1.jpg\",\"width\":696,\"height\":696,\"caption\":\"WeSpeakIoT - Inside the Internet of Things\"},\"image\":{\"@id\":\"https:\\\/\\\/www.wespeakiot.com\\\/de\\\/#\\\/schema\\\/logo\\\/image\\\/\"}}]}<\/script>\n<!-- \/ Yoast SEO plugin. -->","yoast_head_json":{"title":"Impressum - We speak IoT","robots":{"index":"noindex","follow":"follow"},"og_locale":"de_DE","og_type":"article","og_title":"Impressum - We speak IoT","og_description":"Mit WeSpeakIoT schaue ich mir an, wie \u201esmart\u201c unser Alltag wirklich geworden ist \u2013 von smarter Infrastruktur \u00fcber digitale Tools bis hin zu KI und ethischen Fragen. Ich teste, analysiere, kommentiere. Und frage mich immer wieder: Was hilft wirklich? Was [&hellip;]","og_url":"https:\/\/www.wespeakiot.com\/de\/impressum\/","og_site_name":"We speak IoT","article_modified_time":"2025-08-04T14:31:09+00:00","og_image":[{"width":400,"height":106,"url":"https:\/\/www.wespeakiot.com\/wp-content\/uploads\/2025\/06\/adressfeld.jpg","type":"image\/jpeg"}],"twitter_card":"summary_large_image","twitter_description":"Impressum","twitter_image":"https:\/\/www.wespeakiot.com\/wp-content\/uploads\/2018\/02\/lemonbeat-logo.jpg","twitter_misc":{"Gesch\u00e4tzte Lesezeit":"1\u00a0Minute"},"schema":{"@context":"https:\/\/schema.org","@graph":[{"@type":"WebPage","@id":"https:\/\/www.wespeakiot.com\/de\/impressum\/","url":"https:\/\/www.wespeakiot.com\/de\/impressum\/","name":"Impressum - We speak IoT","isPartOf":{"@id":"https:\/\/www.wespeakiot.com\/de\/#website"},"primaryImageOfPage":{"@id":"https:\/\/www.wespeakiot.com\/de\/impressum\/#primaryimage"},"image":{"@id":"https:\/\/www.wespeakiot.com\/de\/impressum\/#primaryimage"},"thumbnailUrl":"https:\/\/www.wespeakiot.com\/wp-content\/uploads\/2025\/06\/adressfeld.jpg","datePublished":"2018-01-23T11:51:15+00:00","dateModified":"2025-08-04T14:31:09+00:00","breadcrumb":{"@id":"https:\/\/www.wespeakiot.com\/de\/impressum\/#breadcrumb"},"inLanguage":"de","potentialAction":[{"@type":"ReadAction","target":["https:\/\/www.wespeakiot.com\/de\/impressum\/"]}]},{"@type":"ImageObject","inLanguage":"de","@id":"https:\/\/www.wespeakiot.com\/de\/impressum\/#primaryimage","url":"https:\/\/www.wespeakiot.com\/wp-content\/uploads\/2025\/06\/adressfeld.jpg","contentUrl":"https:\/\/www.wespeakiot.com\/wp-content\/uploads\/2025\/06\/adressfeld.jpg"},{"@type":"BreadcrumbList","@id":"https:\/\/www.wespeakiot.com\/de\/impressum\/#breadcrumb","itemListElement":[{"@type":"ListItem","position":1,"name":"Home","item":"https:\/\/www.wespeakiot.com\/de\/"},{"@type":"ListItem","position":2,"name":"Impressum"}]},{"@type":"WebSite","@id":"https:\/\/www.wespeakiot.com\/de\/#website","url":"https:\/\/www.wespeakiot.com\/de\/","name":"WeSpeakIoT","description":"Inside the Internet of Things","publisher":{"@id":"https:\/\/www.wespeakiot.com\/de\/#organization"},"potentialAction":[{"@type":"SearchAction","target":{"@type":"EntryPoint","urlTemplate":"https:\/\/www.wespeakiot.com\/de\/?s={search_term_string}"},"query-input":{"@type":"PropertyValueSpecification","valueRequired":true,"valueName":"search_term_string"}}],"inLanguage":"de"},{"@type":"Organization","@id":"https:\/\/www.wespeakiot.com\/de\/#organization","name":"WeSpeakIoT - Inside the Internet of Things","url":"https:\/\/www.wespeakiot.com\/de\/","logo":{"@type":"ImageObject","inLanguage":"de","@id":"https:\/\/www.wespeakiot.com\/de\/#\/schema\/logo\/image\/","url":"https:\/\/www.wespeakiot.com\/wp-content\/uploads\/2025\/08\/wespeakiot-logo-696x696-1.jpg","contentUrl":"https:\/\/www.wespeakiot.com\/wp-content\/uploads\/2025\/08\/wespeakiot-logo-696x696-1.jpg","width":696,"height":696,"caption":"WeSpeakIoT - Inside the Internet of Things"},"image":{"@id":"https:\/\/www.wespeakiot.com\/de\/#\/schema\/logo\/image\/"}}]}},"wp-worthy-pixel":{"ignored":false,"public":null,"server":null,"url":null},"wp-worthy-type":"normal","_links":{"self":[{"href":"https:\/\/www.wespeakiot.com\/de\/wp-json\/wp\/v2\/pages\/5929","targetHints":{"allow":["GET"]}}],"collection":[{"href":"https:\/\/www.wespeakiot.com\/de\/wp-json\/wp\/v2\/pages"}],"about":[{"href":"https:\/\/www.wespeakiot.com\/de\/wp-json\/wp\/v2\/types\/page"}],"author":[{"embeddable":true,"href":"https:\/\/www.wespeakiot.com\/de\/wp-json\/wp\/v2\/users\/2"}],"replies":[{"embeddable":true,"href":"https:\/\/www.wespeakiot.com\/de\/wp-json\/wp\/v2\/comments?post=5929"}],"version-history":[{"count":0,"href":"https:\/\/www.wespeakiot.com\/de\/wp-json\/wp\/v2\/pages\/5929\/revisions"}],"wp:attachment":[{"href":"https:\/\/www.wespeakiot.com\/de\/wp-json\/wp\/v2\/media?parent=5929"}],"curies":[{"name":"wp","href":"https:\/\/api.w.org\/{rel}","templated":true}]}}